{"id":1007,"date":"2023-10-17T12:18:55","date_gmt":"2023-10-17T10:18:55","guid":{"rendered":"https:\/\/pimentcabri.re\/?page_id=1007"},"modified":"2024-03-04T12:41:04","modified_gmt":"2024-03-04T11:41:04","slug":"operation-piment-kabar","status":"publish","type":"page","link":"https:\/\/pimentcabri.re\/?page_id=1007","title":{"rendered":"Op\u00e9ration Piment Kabar"},"content":{"rendered":"\t\t<div data-elementor-type=\"wp-page\" data-elementor-id=\"1007\" class=\"elementor elementor-1007\">\n\t\t\t\t\t\t\t\t\t<section class=\"elementor-section elementor-top-section elementor-element elementor-element-73c868d elementor-section-boxed elementor-section-height-default elementor-section-height-default\" data-id=\"73c868d\" data-element_type=\"section\">\n\t\t\t\t\t\t<div class=\"elementor-container elementor-column-gap-default\">\n\t\t\t\t\t<div class=\"elementor-column elementor-col-100 elementor-top-column elementor-element elementor-element-bd78489\" data-id=\"bd78489\" data-element_type=\"column\">\n\t\t\t<div class=\"elementor-widget-wrap elementor-element-populated\">\n\t\t\t\t\t\t\t\t<div class=\"elementor-element elementor-element-54bb102 elementor-widget elementor-widget-heading\" data-id=\"54bb102\" data-element_type=\"widget\" data-widget_type=\"heading.default\">\n\t\t\t\t<div class=\"elementor-widget-container\">\n\t\t\t<style>\/*! elementor - v3.13.2 - 11-05-2023 *\/\n.elementor-heading-title{padding:0;margin:0;line-height:1}.elementor-widget-heading .elementor-heading-title[class*=elementor-size-]>a{color:inherit;font-size:inherit;line-height:inherit}.elementor-widget-heading .elementor-heading-title.elementor-size-small{font-size:15px}.elementor-widget-heading .elementor-heading-title.elementor-size-medium{font-size:19px}.elementor-widget-heading .elementor-heading-title.elementor-size-large{font-size:29px}.elementor-widget-heading .elementor-heading-title.elementor-size-xl{font-size:39px}.elementor-widget-heading .elementor-heading-title.elementor-size-xxl{font-size:59px}<\/style><h2 class=\"elementor-heading-title elementor-size-default\"><span style=\"background-color: var(--ast-global-color-5);\">Partenariat<\/span><\/h2>\t\t<\/div>\n\t\t\t\t<\/div>\n\t\t\t\t\t<\/div>\n\t\t<\/div>\n\t\t\t\t\t\t\t<\/div>\n\t\t<\/section>\n\t\t\t\t<section class=\"elementor-section elementor-top-section elementor-element elementor-element-5280529 elementor-section-height-min-height elementor-reverse-mobile elementor-section-full_width elementor-section-height-default elementor-section-items-middle\" data-id=\"5280529\" data-element_type=\"section\" data-settings=\"{&quot;background_background&quot;:&quot;video&quot;,&quot;animation&quot;:&quot;none&quot;,&quot;background_video_link&quot;:&quot;https:\\\/\\\/www.youtube.com\\\/watch?v=iMcN6hOREX0&quot;}\">\n\t\t\t\t\t\t\t\t<div class=\"elementor-background-video-container elementor-hidden-phone\">\n\t\t\t\t\t\t\t\t\t\t\t\t\t<div class=\"elementor-background-video-embed\"><\/div>\n\t\t\t\t\t\t\t\t\t\t\t\t<\/div>\n\t\t\t\t\t\t\t\t\t<div class=\"elementor-background-overlay\"><\/div>\n\t\t\t\t\t\t\t<div class=\"elementor-container elementor-column-gap-default\">\n\t\t\t\t\t<div class=\"elementor-column elementor-col-100 elementor-top-column elementor-element elementor-element-2eec306\" data-id=\"2eec306\" data-element_type=\"column\">\n\t\t\t<div class=\"elementor-widget-wrap elementor-element-populated\">\n\t\t\t\t\t\t\t\t<div class=\"elementor-element elementor-element-90e1cbd elementor-widget elementor-widget-image\" data-id=\"90e1cbd\" data-element_type=\"widget\" data-widget_type=\"image.default\">\n\t\t\t\t<div class=\"elementor-widget-container\">\n\t\t\t<style>\/*! elementor - v3.13.2 - 11-05-2023 *\/\n.elementor-widget-image{text-align:center}.elementor-widget-image a{display:inline-block}.elementor-widget-image a img[src$=\".svg\"]{width:48px}.elementor-widget-image img{vertical-align:middle;display:inline-block}<\/style>\t\t\t\t\t\t\t\t\t\t\t\t<img loading=\"lazy\" decoding=\"async\" width=\"300\" height=\"189\" src=\"https:\/\/pimentcabri.re\/wp-content\/uploads\/2023\/10\/PIMENTKABAR_logo_bassedef_v1-300x189.png\" class=\"attachment-medium size-medium wp-image-940\" alt=\"\" srcset=\"https:\/\/pimentcabri.re\/wp-content\/uploads\/2023\/10\/PIMENTKABAR_logo_bassedef_v1-300x189.png 300w, https:\/\/pimentcabri.re\/wp-content\/uploads\/2023\/10\/PIMENTKABAR_logo_bassedef_v1.png 676w\" sizes=\"auto, (max-width: 300px) 100vw, 300px\" \/>\t\t\t\t\t\t\t\t\t\t\t\t\t\t\t<\/div>\n\t\t\t\t<\/div>\n\t\t\t\t<div class=\"elementor-element elementor-element-5b9285c elementor-widget elementor-widget-heading\" data-id=\"5b9285c\" data-element_type=\"widget\" data-widget_type=\"heading.default\">\n\t\t\t\t<div class=\"elementor-widget-container\">\n\t\t\t<h2 class=\"elementor-heading-title elementor-size-default\">MCDONALD'S R\u00c9UNION<\/h2>\t\t<\/div>\n\t\t\t\t<\/div>\n\t\t\t\t\t<\/div>\n\t\t<\/div>\n\t\t\t\t\t\t\t<\/div>\n\t\t<\/section>\n\t\t\t\t<section class=\"elementor-section elementor-top-section elementor-element elementor-element-1daa6d0 elementor-section-boxed elementor-section-height-default elementor-section-height-default\" data-id=\"1daa6d0\" data-element_type=\"section\" data-settings=\"{&quot;background_background&quot;:&quot;classic&quot;}\">\n\t\t\t\t\t\t<div class=\"elementor-container elementor-column-gap-default\">\n\t\t\t\t\t<div class=\"elementor-column elementor-col-100 elementor-top-column elementor-element elementor-element-d13aba1\" data-id=\"d13aba1\" data-element_type=\"column\">\n\t\t\t<div class=\"elementor-widget-wrap elementor-element-populated\">\n\t\t\t\t\t\t\t\t<div class=\"elementor-element elementor-element-8abba08 elementor-widget elementor-widget-text-editor\" data-id=\"8abba08\" data-element_type=\"widget\" data-widget_type=\"text-editor.default\">\n\t\t\t\t<div class=\"elementor-widget-container\">\n\t\t\t<style>\/*! elementor - v3.13.2 - 11-05-2023 *\/\n.elementor-widget-text-editor.elementor-drop-cap-view-stacked .elementor-drop-cap{background-color:#69727d;color:#fff}.elementor-widget-text-editor.elementor-drop-cap-view-framed .elementor-drop-cap{color:#69727d;border:3px solid;background-color:transparent}.elementor-widget-text-editor:not(.elementor-drop-cap-view-default) .elementor-drop-cap{margin-top:8px}.elementor-widget-text-editor:not(.elementor-drop-cap-view-default) .elementor-drop-cap-letter{width:1em;height:1em}.elementor-widget-text-editor .elementor-drop-cap{float:left;text-align:center;line-height:1;font-size:50px}.elementor-widget-text-editor .elementor-drop-cap-letter{display:inline-block}<\/style>\t\t\t\t<p><span style=\"font-style: inherit; font-weight: inherit; background-color: transparent;\">McDonald&rsquo;s R\u00e9union et Piment Cabri se sont associ\u00e9s pour un concept 100% musical ! <\/span><span class=\"OYPEnA text-decoration-none text-strikethrough-none\">5 artistes r\u00e9unionnais ont repris une de leur chanson phare afin de l\u2019adapter \u00e0 une sonorit\u00e9 et un style diff\u00e9rent. Nous avons notamment pu voir Black-T, c\u00e9l\u00e8bre artiste urbain local, reprendre son tube \u00ab Allez Bim \u00bb en version salsa&#8230; <\/span><span class=\"OYPEnA text-decoration-none text-strikethrough-none\">Le but de ce projet \u00e9tait de trouver le nouveau talent musical parmi les collaborateurs de McDonald\u2019s. <\/span><span class=\"OYPEnA text-decoration-none text-strikethrough-none\">Sayven a gagn\u00e9 le concours de la premi\u00e8re \u00e9dition et devient, depuis sa r\u00e9v\u00e9lation dans Piment Cabri, la nouvelle \u00e9toile montante du label Run Hit. <\/span><span style=\"font-style: inherit; font-weight: inherit; background-color: transparent;\">D\u00e9couvrez les prestations des artistes en vid\u00e9o !<\/span><\/p>\t\t\t\t\t\t<\/div>\n\t\t\t\t<\/div>\n\t\t\t\t<div class=\"elementor-element elementor-element-1ac3548 elementor-skin-carousel elementor-arrows-yes elementor-pagination-type-bullets elementor-pagination-position-outside elementor-widget elementor-widget-media-carousel\" data-id=\"1ac3548\" data-element_type=\"widget\" data-settings=\"{&quot;slides_to_scroll&quot;:&quot;3&quot;,&quot;skin&quot;:&quot;carousel&quot;,&quot;effect&quot;:&quot;slide&quot;,&quot;show_arrows&quot;:&quot;yes&quot;,&quot;pagination&quot;:&quot;bullets&quot;,&quot;speed&quot;:500,&quot;autoplay&quot;:&quot;yes&quot;,&quot;autoplay_speed&quot;:5000,&quot;loop&quot;:&quot;yes&quot;,&quot;pause_on_hover&quot;:&quot;yes&quot;,&quot;pause_on_interaction&quot;:&quot;yes&quot;,&quot;space_between&quot;:{&quot;unit&quot;:&quot;px&quot;,&quot;size&quot;:10,&quot;sizes&quot;:[]},&quot;space_between_tablet&quot;:{&quot;unit&quot;:&quot;px&quot;,&quot;size&quot;:10,&quot;sizes&quot;:[]},&quot;space_between_mobile&quot;:{&quot;unit&quot;:&quot;px&quot;,&quot;size&quot;:10,&quot;sizes&quot;:[]}}\" data-widget_type=\"media-carousel.default\">\n\t\t\t\t<div class=\"elementor-widget-container\">\n\t\t\t<link rel=\"stylesheet\" href=\"https:\/\/pimentcabri.re\/wp-content\/plugins\/elementor-pro\/assets\/css\/widget-carousel.min.css\">\t\t<div class=\"elementor-swiper\">\n\t\t\t<div class=\"elementor-main-swiper swiper\">\n\t\t\t\t<div class=\"swiper-wrapper\">\n\t\t\t\t\t\t\t\t\t\t\t<div class=\"swiper-slide\">\n\t\t\t\t\t\t\t<a href=\"https:\/\/pimentcabri.re\/wp-content\/uploads\/2023\/10\/Capture-decran-2023-10-17-a-11.45.51.png\" data-elementor-open-lightbox=\"yes\" data-elementor-lightbox-slideshow=\"1ac3548\" data-elementor-lightbox-title=\"Capture d\u2019e\u0301cran 2023-10-17 a\u0300 11.45.51\" data-e-action-hash=\"#elementor-action%3Aaction%3Dlightbox%26settings%3DeyJpZCI6MTAxNCwidXJsIjoiaHR0cHM6XC9cL3BpbWVudGNhYnJpLnJlXC93cC1jb250ZW50XC91cGxvYWRzXC8yMDIzXC8xMFwvQ2FwdHVyZS1kZWNyYW4tMjAyMy0xMC0xNy1hLTExLjQ1LjUxLnBuZyIsInNsaWRlc2hvdyI6IjFhYzM1NDgifQ%3D%3D\" data-elementor-lightbox-video=\"https:\/\/www.youtube.com\/embed\/g50bCiv0U4c?feature=oembed&amp;autoplay=1&amp;rel=0&amp;controls=0\">\t\t<div class=\"elementor-carousel-image\" role=\"img\" aria-label=\"Capture d\u2019e\u0301cran 2023-10-17 a\u0300 11.45.51\" style=\"background-image: url(&#039;https:\/\/pimentcabri.re\/wp-content\/uploads\/2023\/10\/Capture-decran-2023-10-17-a-11.45.51.png&#039;)\">\n\n\t\t\t\n\t\t\t\t\t\t\t<div class=\"elementor-custom-embed-play\">\n\t\t\t\t\t<i aria-hidden=\"true\" class=\"eicon-play\"><\/i>\t\t\t\t\t<span class=\"elementor-screen-only\">Lire<\/span>\n\t\t\t\t<\/div>\n\t\t\t\t\t<\/div>\n\t\t<\/a>\t\t\t\t\t\t<\/div>\n\t\t\t\t\t\t\t\t\t\t\t<div class=\"swiper-slide\">\n\t\t\t\t\t\t\t<a href=\"https:\/\/pimentcabri.re\/wp-content\/uploads\/2023\/10\/Capture-decran-2023-10-17-a-11.47.16.png\" data-elementor-open-lightbox=\"yes\" data-elementor-lightbox-slideshow=\"1ac3548\" data-elementor-lightbox-title=\"Capture d\u2019e\u0301cran 2023-10-17 a\u0300 11.47.16\" data-e-action-hash=\"#elementor-action%3Aaction%3Dlightbox%26settings%3DeyJpZCI6MTAxNSwidXJsIjoiaHR0cHM6XC9cL3BpbWVudGNhYnJpLnJlXC93cC1jb250ZW50XC91cGxvYWRzXC8yMDIzXC8xMFwvQ2FwdHVyZS1kZWNyYW4tMjAyMy0xMC0xNy1hLTExLjQ3LjE2LnBuZyIsInNsaWRlc2hvdyI6IjFhYzM1NDgifQ%3D%3D\" data-elementor-lightbox-video=\"https:\/\/www.youtube.com\/embed\/iMcN6hOREX0?feature=oembed&amp;autoplay=1&amp;rel=0&amp;controls=0\">\t\t<div class=\"elementor-carousel-image\" role=\"img\" aria-label=\"Capture d\u2019e\u0301cran 2023-10-17 a\u0300 11.47.16\" style=\"background-image: url(&#039;https:\/\/pimentcabri.re\/wp-content\/uploads\/2023\/10\/Capture-decran-2023-10-17-a-11.47.16.png&#039;)\">\n\n\t\t\t\n\t\t\t\t\t\t\t<div class=\"elementor-custom-embed-play\">\n\t\t\t\t\t<i aria-hidden=\"true\" class=\"eicon-play\"><\/i>\t\t\t\t\t<span class=\"elementor-screen-only\">Lire<\/span>\n\t\t\t\t<\/div>\n\t\t\t\t\t<\/div>\n\t\t<\/a>\t\t\t\t\t\t<\/div>\n\t\t\t\t\t\t\t\t\t\t\t<div class=\"swiper-slide\">\n\t\t\t\t\t\t\t<a href=\"https:\/\/pimentcabri.re\/wp-content\/uploads\/2023\/10\/Capture-decran-2023-10-17-a-11.48.44.png\" data-elementor-open-lightbox=\"yes\" data-elementor-lightbox-slideshow=\"1ac3548\" data-elementor-lightbox-title=\"Capture d\u2019e\u0301cran 2023-10-17 a\u0300 11.48.44\" data-e-action-hash=\"#elementor-action%3Aaction%3Dlightbox%26settings%3DeyJpZCI6MTAxNiwidXJsIjoiaHR0cHM6XC9cL3BpbWVudGNhYnJpLnJlXC93cC1jb250ZW50XC91cGxvYWRzXC8yMDIzXC8xMFwvQ2FwdHVyZS1kZWNyYW4tMjAyMy0xMC0xNy1hLTExLjQ4LjQ0LnBuZyIsInNsaWRlc2hvdyI6IjFhYzM1NDgifQ%3D%3D\" data-elementor-lightbox-video=\"https:\/\/www.youtube.com\/embed\/Sb45ZlYsph4?feature=oembed&amp;autoplay=1&amp;rel=0&amp;controls=0\">\t\t<div class=\"elementor-carousel-image\" role=\"img\" aria-label=\"Capture d\u2019e\u0301cran 2023-10-17 a\u0300 11.48.44\" style=\"background-image: url(&#039;https:\/\/pimentcabri.re\/wp-content\/uploads\/2023\/10\/Capture-decran-2023-10-17-a-11.48.44.png&#039;)\">\n\n\t\t\t\n\t\t\t\t\t\t\t<div class=\"elementor-custom-embed-play\">\n\t\t\t\t\t<i aria-hidden=\"true\" class=\"eicon-play\"><\/i>\t\t\t\t\t<span class=\"elementor-screen-only\">Lire<\/span>\n\t\t\t\t<\/div>\n\t\t\t\t\t<\/div>\n\t\t<\/a>\t\t\t\t\t\t<\/div>\n\t\t\t\t\t\t\t\t\t\t\t<div class=\"swiper-slide\">\n\t\t\t\t\t\t\t<a href=\"https:\/\/pimentcabri.re\/wp-content\/uploads\/2023\/10\/Capture-decran-2023-10-17-a-11.50.30.png\" data-elementor-open-lightbox=\"yes\" data-elementor-lightbox-slideshow=\"1ac3548\" data-elementor-lightbox-title=\"Capture d\u2019e\u0301cran 2023-10-17 a\u0300 11.50.30\" data-e-action-hash=\"#elementor-action%3Aaction%3Dlightbox%26settings%3DeyJpZCI6MTAxNywidXJsIjoiaHR0cHM6XC9cL3BpbWVudGNhYnJpLnJlXC93cC1jb250ZW50XC91cGxvYWRzXC8yMDIzXC8xMFwvQ2FwdHVyZS1kZWNyYW4tMjAyMy0xMC0xNy1hLTExLjUwLjMwLnBuZyIsInNsaWRlc2hvdyI6IjFhYzM1NDgifQ%3D%3D\" data-elementor-lightbox-video=\"https:\/\/www.youtube.com\/embed\/-bcyOGHOMVo?feature=oembed&amp;autoplay=1&amp;rel=0&amp;controls=0\">\t\t<div class=\"elementor-carousel-image\" role=\"img\" aria-label=\"Capture d\u2019e\u0301cran 2023-10-17 a\u0300 11.50.30\" style=\"background-image: url(&#039;https:\/\/pimentcabri.re\/wp-content\/uploads\/2023\/10\/Capture-decran-2023-10-17-a-11.50.30.png&#039;)\">\n\n\t\t\t\n\t\t\t\t\t\t\t<div class=\"elementor-custom-embed-play\">\n\t\t\t\t\t<i aria-hidden=\"true\" class=\"eicon-play\"><\/i>\t\t\t\t\t<span class=\"elementor-screen-only\">Lire<\/span>\n\t\t\t\t<\/div>\n\t\t\t\t\t<\/div>\n\t\t<\/a>\t\t\t\t\t\t<\/div>\n\t\t\t\t\t\t\t\t\t\t\t<div class=\"swiper-slide\">\n\t\t\t\t\t\t\t<a href=\"https:\/\/pimentcabri.re\/wp-content\/uploads\/2023\/10\/Capture-decran-2023-10-17-a-11.51.26.png\" data-elementor-open-lightbox=\"yes\" data-elementor-lightbox-slideshow=\"1ac3548\" data-elementor-lightbox-title=\"Capture d\u2019e\u0301cran 2023-10-17 a\u0300 11.51.26\" data-e-action-hash=\"#elementor-action%3Aaction%3Dlightbox%26settings%3DeyJpZCI6MTAxOCwidXJsIjoiaHR0cHM6XC9cL3BpbWVudGNhYnJpLnJlXC93cC1jb250ZW50XC91cGxvYWRzXC8yMDIzXC8xMFwvQ2FwdHVyZS1kZWNyYW4tMjAyMy0xMC0xNy1hLTExLjUxLjI2LnBuZyIsInNsaWRlc2hvdyI6IjFhYzM1NDgifQ%3D%3D\" data-elementor-lightbox-video=\"https:\/\/www.youtube.com\/embed\/95ydjFVYDDg?feature=oembed&amp;autoplay=1&amp;rel=0&amp;controls=0\">\t\t<div class=\"elementor-carousel-image\" role=\"img\" aria-label=\"Capture d\u2019e\u0301cran 2023-10-17 a\u0300 11.51.26\" style=\"background-image: url(&#039;https:\/\/pimentcabri.re\/wp-content\/uploads\/2023\/10\/Capture-decran-2023-10-17-a-11.51.26.png&#039;)\">\n\n\t\t\t\n\t\t\t\t\t\t\t<div class=\"elementor-custom-embed-play\">\n\t\t\t\t\t<i aria-hidden=\"true\" class=\"eicon-play\"><\/i>\t\t\t\t\t<span class=\"elementor-screen-only\">Lire<\/span>\n\t\t\t\t<\/div>\n\t\t\t\t\t<\/div>\n\t\t<\/a>\t\t\t\t\t\t<\/div>\n\t\t\t\t\t\t\t\t\t\t\t<div class=\"swiper-slide\">\n\t\t\t\t\t\t\t<a href=\"https:\/\/pimentcabri.re\/wp-content\/uploads\/2023\/10\/Capture-decran-2023-10-17-a-11.52.28.png\" data-elementor-open-lightbox=\"yes\" data-elementor-lightbox-slideshow=\"1ac3548\" data-elementor-lightbox-title=\"Capture d\u2019e\u0301cran 2023-10-17 a\u0300 11.52.28\" data-e-action-hash=\"#elementor-action%3Aaction%3Dlightbox%26settings%3DeyJpZCI6MTAxOSwidXJsIjoiaHR0cHM6XC9cL3BpbWVudGNhYnJpLnJlXC93cC1jb250ZW50XC91cGxvYWRzXC8yMDIzXC8xMFwvQ2FwdHVyZS1kZWNyYW4tMjAyMy0xMC0xNy1hLTExLjUyLjI4LnBuZyIsInNsaWRlc2hvdyI6IjFhYzM1NDgifQ%3D%3D\" data-elementor-lightbox-video=\"https:\/\/www.youtube.com\/embed\/VCBfG6lrQ4s?feature=oembed&amp;autoplay=1&amp;rel=0&amp;controls=0\">\t\t<div class=\"elementor-carousel-image\" role=\"img\" aria-label=\"Capture d\u2019e\u0301cran 2023-10-17 a\u0300 11.52.28\" style=\"background-image: url(&#039;https:\/\/pimentcabri.re\/wp-content\/uploads\/2023\/10\/Capture-decran-2023-10-17-a-11.52.28.png&#039;)\">\n\n\t\t\t\n\t\t\t\t\t\t\t<div class=\"elementor-custom-embed-play\">\n\t\t\t\t\t<i aria-hidden=\"true\" class=\"eicon-play\"><\/i>\t\t\t\t\t<span class=\"elementor-screen-only\">Lire<\/span>\n\t\t\t\t<\/div>\n\t\t\t\t\t<\/div>\n\t\t<\/a>\t\t\t\t\t\t<\/div>\n\t\t\t\t\t\t\t\t\t<\/div>\n\t\t\t\t\t\t\t\t\t\t\t\t\t\t\t<div class=\"swiper-pagination\"><\/div>\n\t\t\t\t\t\t\t\t\t\t\t\t\t\t\t\t<div class=\"elementor-swiper-button elementor-swiper-button-prev\" role=\"button\" tabindex=\"0\">\n\t\t\t\t\t\t\t<i aria-hidden=\"true\" class=\"eicon-chevron-left\"><\/i>\t\t\t\t\t\t\t<span class=\"elementor-screen-only\">Pr\u00e9c\u00e9dent<\/span>\n\t\t\t\t\t\t<\/div>\n\t\t\t\t\t\t<div class=\"elementor-swiper-button elementor-swiper-button-next\" role=\"button\" tabindex=\"0\">\n\t\t\t\t\t\t\t<i aria-hidden=\"true\" class=\"eicon-chevron-right\"><\/i>\t\t\t\t\t\t\t<span class=\"elementor-screen-only\">Suivant<\/span>\n\t\t\t\t\t\t<\/div>\n\t\t\t\t\t\t\t\t\t\t\t\t<\/div>\n\t\t<\/div>\n\t\t\t\t<\/div>\n\t\t\t\t<\/div>\n\t\t\t\t\t<\/div>\n\t\t<\/div>\n\t\t\t\t\t\t\t<\/div>\n\t\t<\/section>\n\t\t\t\t\t\t\t<\/div>\n\t\t","protected":false},"excerpt":{"rendered":"<p>Partenariat MCDONALD&rsquo;S R\u00c9UNION McDonald&rsquo;s R\u00e9union et Piment Cabri se sont associ\u00e9s pour un concept 100% musical ! 5 artistes r\u00e9unionnais ont repris une de leur chanson phare afin de l\u2019adapter \u00e0 une sonorit\u00e9 et un style diff\u00e9rent. Nous avons notamment pu voir Black-T, c\u00e9l\u00e8bre artiste urbain local, reprendre son tube \u00ab Allez Bim \u00bb en &hellip;<\/p>\n<p class=\"read-more\"> <a class=\"\" href=\"https:\/\/pimentcabri.re\/?page_id=1007\"> <span class=\"screen-reader-text\">Op\u00e9ration Piment Kabar<\/span> Lire la suite\u00a0\u00bb<\/a><\/p>\n","protected":false},"author":2,"featured_media":0,"parent":0,"menu_order":0,"comment_status":"closed","ping_status":"closed","template":"","meta":{"site-sidebar-layout":"no-sidebar","site-content-layout":"page-builder","ast-global-header-display":"","ast-banner-title-visibility":"","ast-main-header-display":"","ast-hfb-above-header-display":"","ast-hfb-below-header-display":"","ast-hfb-mobile-header-display":"","site-post-title":"disabled","ast-breadcrumbs-content":"","ast-featured-img":"disabled","footer-sml-layout":"","theme-transparent-header-meta":"","adv-header-id-meta":"","stick-header-meta":"","header-above-stick-meta":"","header-main-stick-meta":"","header-below-stick-meta":"","footnotes":""},"class_list":["post-1007","page","type-page","status-publish","hentry"],"_links":{"self":[{"href":"https:\/\/pimentcabri.re\/index.php?rest_route=\/wp\/v2\/pages\/1007","targetHints":{"allow":["GET"]}}],"collection":[{"href":"https:\/\/pimentcabri.re\/index.php?rest_route=\/wp\/v2\/pages"}],"about":[{"href":"https:\/\/pimentcabri.re\/index.php?rest_route=\/wp\/v2\/types\/page"}],"author":[{"embeddable":true,"href":"https:\/\/pimentcabri.re\/index.php?rest_route=\/wp\/v2\/users\/2"}],"replies":[{"embeddable":true,"href":"https:\/\/pimentcabri.re\/index.php?rest_route=%2Fwp%2Fv2%2Fcomments&post=1007"}],"version-history":[{"count":11,"href":"https:\/\/pimentcabri.re\/index.php?rest_route=\/wp\/v2\/pages\/1007\/revisions"}],"predecessor-version":[{"id":1106,"href":"https:\/\/pimentcabri.re\/index.php?rest_route=\/wp\/v2\/pages\/1007\/revisions\/1106"}],"wp:attachment":[{"href":"https:\/\/pimentcabri.re\/index.php?rest_route=%2Fwp%2Fv2%2Fmedia&parent=1007"}],"curies":[{"name":"wp","href":"https:\/\/api.w.org\/{rel}","templated":true}]}}