{"id":1114,"date":"2024-03-04T13:08:30","date_gmt":"2024-03-04T12:08:30","guid":{"rendered":"https:\/\/pimentcabri.re\/?page_id=1114"},"modified":"2024-03-04T13:22:31","modified_gmt":"2024-03-04T12:22:31","slug":"operation-24h-de-linnovation","status":"publish","type":"page","link":"https:\/\/pimentcabri.re\/?page_id=1114","title":{"rendered":"Op\u00e9ration 24h de l&rsquo;innovation"},"content":{"rendered":"\t\t<div data-elementor-type=\"wp-page\" data-elementor-id=\"1114\" class=\"elementor elementor-1114\">\n\t\t\t\t\t\t\t\t\t<section class=\"elementor-section elementor-top-section elementor-element elementor-element-b57af46 elementor-section-boxed elementor-section-height-default elementor-section-height-default\" data-id=\"b57af46\" data-element_type=\"section\">\n\t\t\t\t\t\t<div class=\"elementor-container elementor-column-gap-default\">\n\t\t\t\t\t<div class=\"elementor-column elementor-col-100 elementor-top-column elementor-element elementor-element-8c6129f\" data-id=\"8c6129f\" data-element_type=\"column\">\n\t\t\t<div class=\"elementor-widget-wrap elementor-element-populated\">\n\t\t\t\t\t\t\t\t<div class=\"elementor-element elementor-element-92e2595 elementor-widget elementor-widget-heading\" data-id=\"92e2595\" data-element_type=\"widget\" data-widget_type=\"heading.default\">\n\t\t\t\t<div class=\"elementor-widget-container\">\n\t\t\t<style>\/*! elementor - v3.13.2 - 11-05-2023 *\/\n.elementor-heading-title{padding:0;margin:0;line-height:1}.elementor-widget-heading .elementor-heading-title[class*=elementor-size-]>a{color:inherit;font-size:inherit;line-height:inherit}.elementor-widget-heading .elementor-heading-title.elementor-size-small{font-size:15px}.elementor-widget-heading .elementor-heading-title.elementor-size-medium{font-size:19px}.elementor-widget-heading .elementor-heading-title.elementor-size-large{font-size:29px}.elementor-widget-heading .elementor-heading-title.elementor-size-xl{font-size:39px}.elementor-widget-heading .elementor-heading-title.elementor-size-xxl{font-size:59px}<\/style><h2 class=\"elementor-heading-title elementor-size-default\"><span style=\"background-color: var(--ast-global-color-5);\">Partenariat<\/span><\/h2>\t\t<\/div>\n\t\t\t\t<\/div>\n\t\t\t\t\t<\/div>\n\t\t<\/div>\n\t\t\t\t\t\t\t<\/div>\n\t\t<\/section>\n\t\t\t\t<section class=\"elementor-section elementor-top-section elementor-element elementor-element-31f5eaa elementor-section-height-min-height elementor-reverse-mobile elementor-section-full_width elementor-section-height-default elementor-section-items-middle\" data-id=\"31f5eaa\" data-element_type=\"section\" data-settings=\"{&quot;background_background&quot;:&quot;video&quot;,&quot;animation&quot;:&quot;none&quot;,&quot;background_video_link&quot;:&quot;https:\\\/\\\/www.youtube.com\\\/watch?v=gt-Zgf_4URQ&amp;list=PLoRk78nIAgQCarx5VxW2MBS02MvCvtotT&amp;index=5&quot;}\">\n\t\t\t\t\t\t\t\t<div class=\"elementor-background-video-container elementor-hidden-phone\">\n\t\t\t\t\t\t\t\t\t\t\t\t\t<div class=\"elementor-background-video-embed\"><\/div>\n\t\t\t\t\t\t\t\t\t\t\t\t<\/div>\n\t\t\t\t\t\t\t\t\t<div class=\"elementor-background-overlay\"><\/div>\n\t\t\t\t\t\t\t<div class=\"elementor-container elementor-column-gap-default\">\n\t\t\t\t\t<div class=\"elementor-column elementor-col-100 elementor-top-column elementor-element elementor-element-69addb5\" data-id=\"69addb5\" data-element_type=\"column\">\n\t\t\t<div class=\"elementor-widget-wrap elementor-element-populated\">\n\t\t\t\t\t\t\t\t<div class=\"elementor-element elementor-element-c853052 elementor-widget elementor-widget-image\" data-id=\"c853052\" data-element_type=\"widget\" data-widget_type=\"image.default\">\n\t\t\t\t<div class=\"elementor-widget-container\">\n\t\t\t<style>\/*! elementor - v3.13.2 - 11-05-2023 *\/\n.elementor-widget-image{text-align:center}.elementor-widget-image a{display:inline-block}.elementor-widget-image a img[src$=\".svg\"]{width:48px}.elementor-widget-image img{vertical-align:middle;display:inline-block}<\/style>\t\t\t\t\t\t\t\t\t\t\t\t<img loading=\"lazy\" decoding=\"async\" width=\"300\" height=\"300\" src=\"https:\/\/pimentcabri.re\/wp-content\/uploads\/2024\/03\/LE-BUREAU-DES-PWAK-300x300.png\" class=\"attachment-medium size-medium wp-image-1121\" alt=\"\" srcset=\"https:\/\/pimentcabri.re\/wp-content\/uploads\/2024\/03\/LE-BUREAU-DES-PWAK-300x300.png 300w, https:\/\/pimentcabri.re\/wp-content\/uploads\/2024\/03\/LE-BUREAU-DES-PWAK-150x150.png 150w, https:\/\/pimentcabri.re\/wp-content\/uploads\/2024\/03\/LE-BUREAU-DES-PWAK-768x768.png 768w, https:\/\/pimentcabri.re\/wp-content\/uploads\/2024\/03\/LE-BUREAU-DES-PWAK.png 800w\" sizes=\"auto, (max-width: 300px) 100vw, 300px\" \/>\t\t\t\t\t\t\t\t\t\t\t\t\t\t\t<\/div>\n\t\t\t\t<\/div>\n\t\t\t\t<div class=\"elementor-element elementor-element-0d42f15 elementor-widget elementor-widget-heading\" data-id=\"0d42f15\" data-element_type=\"widget\" data-widget_type=\"heading.default\">\n\t\t\t\t<div class=\"elementor-widget-container\">\n\t\t\t<h2 class=\"elementor-heading-title elementor-size-default\">24H DE L'INNOVATION<\/h2>\t\t<\/div>\n\t\t\t\t<\/div>\n\t\t\t\t\t<\/div>\n\t\t<\/div>\n\t\t\t\t\t\t\t<\/div>\n\t\t<\/section>\n\t\t\t\t<section class=\"elementor-section elementor-top-section elementor-element elementor-element-e48b993 elementor-section-boxed elementor-section-height-default elementor-section-height-default\" data-id=\"e48b993\" data-element_type=\"section\" data-settings=\"{&quot;background_background&quot;:&quot;classic&quot;}\">\n\t\t\t\t\t\t<div class=\"elementor-container elementor-column-gap-default\">\n\t\t\t\t\t<div class=\"elementor-column elementor-col-100 elementor-top-column elementor-element elementor-element-b5d4dc4\" data-id=\"b5d4dc4\" data-element_type=\"column\">\n\t\t\t<div class=\"elementor-widget-wrap elementor-element-populated\">\n\t\t\t\t\t\t\t\t<div class=\"elementor-element elementor-element-fd68535 elementor-widget elementor-widget-text-editor\" data-id=\"fd68535\" data-element_type=\"widget\" data-widget_type=\"text-editor.default\">\n\t\t\t\t<div class=\"elementor-widget-container\">\n\t\t\t<style>\/*! elementor - v3.13.2 - 11-05-2023 *\/\n.elementor-widget-text-editor.elementor-drop-cap-view-stacked .elementor-drop-cap{background-color:#69727d;color:#fff}.elementor-widget-text-editor.elementor-drop-cap-view-framed .elementor-drop-cap{color:#69727d;border:3px solid;background-color:transparent}.elementor-widget-text-editor:not(.elementor-drop-cap-view-default) .elementor-drop-cap{margin-top:8px}.elementor-widget-text-editor:not(.elementor-drop-cap-view-default) .elementor-drop-cap-letter{width:1em;height:1em}.elementor-widget-text-editor .elementor-drop-cap{float:left;text-align:center;line-height:1;font-size:50px}.elementor-widget-text-editor .elementor-drop-cap-letter{display:inline-block}<\/style>\t\t\t\t<p><span style=\"color: rgb(255, 255, 255); font-style: inherit; font-weight: inherit; background-color: transparent;\">McDonald Ils \u00e9taient plus de 300 \u00e9l\u00e8ves de coll\u00e8ges et de lyc\u00e9es r\u00e9unis les 15 et 16 novembre derniers pour tenter de remporter les 24h de l&rsquo;innovation de La R\u00e9union. Bravo aux 30 \u00e9quipes qui ont fus\u00e9 d&rsquo;incroyables r\u00e9flexions et d&rsquo;id\u00e9es innovantes durant 24 heures chrono ! Retrouvez ci-dessous toutes nos vid\u00e9os !<\/span><br><\/p>\t\t\t\t\t\t<\/div>\n\t\t\t\t<\/div>\n\t\t\t\t<div class=\"elementor-element elementor-element-dd0e1d2 elementor-skin-carousel elementor-arrows-yes elementor-pagination-type-bullets elementor-pagination-position-outside elementor-widget elementor-widget-media-carousel\" data-id=\"dd0e1d2\" data-element_type=\"widget\" data-settings=\"{&quot;slides_to_scroll&quot;:&quot;3&quot;,&quot;skin&quot;:&quot;carousel&quot;,&quot;effect&quot;:&quot;slide&quot;,&quot;show_arrows&quot;:&quot;yes&quot;,&quot;pagination&quot;:&quot;bullets&quot;,&quot;speed&quot;:500,&quot;autoplay&quot;:&quot;yes&quot;,&quot;autoplay_speed&quot;:5000,&quot;loop&quot;:&quot;yes&quot;,&quot;pause_on_hover&quot;:&quot;yes&quot;,&quot;pause_on_interaction&quot;:&quot;yes&quot;,&quot;space_between&quot;:{&quot;unit&quot;:&quot;px&quot;,&quot;size&quot;:10,&quot;sizes&quot;:[]},&quot;space_between_tablet&quot;:{&quot;unit&quot;:&quot;px&quot;,&quot;size&quot;:10,&quot;sizes&quot;:[]},&quot;space_between_mobile&quot;:{&quot;unit&quot;:&quot;px&quot;,&quot;size&quot;:10,&quot;sizes&quot;:[]}}\" data-widget_type=\"media-carousel.default\">\n\t\t\t\t<div class=\"elementor-widget-container\">\n\t\t\t<link rel=\"stylesheet\" href=\"https:\/\/pimentcabri.re\/wp-content\/plugins\/elementor-pro\/assets\/css\/widget-carousel.min.css\">\t\t<div class=\"elementor-swiper\">\n\t\t\t<div class=\"elementor-main-swiper swiper\">\n\t\t\t\t<div class=\"swiper-wrapper\">\n\t\t\t\t\t\t\t\t\t\t\t<div class=\"swiper-slide\">\n\t\t\t\t\t\t\t<a href=\"https:\/\/pimentcabri.re\/wp-content\/uploads\/2024\/03\/Capture-decran-2024-03-04-a-16.07.09.png\" data-elementor-open-lightbox=\"yes\" data-elementor-lightbox-slideshow=\"dd0e1d2\" data-elementor-lightbox-title=\"Capture d\u2019e\u0301cran 2024-03-04 a\u0300 16.07.09\" data-e-action-hash=\"#elementor-action%3Aaction%3Dlightbox%26settings%3DeyJpZCI6MTEyMCwidXJsIjoiaHR0cHM6XC9cL3BpbWVudGNhYnJpLnJlXC93cC1jb250ZW50XC91cGxvYWRzXC8yMDI0XC8wM1wvQ2FwdHVyZS1kZWNyYW4tMjAyNC0wMy0wNC1hLTE2LjA3LjA5LnBuZyIsInNsaWRlc2hvdyI6ImRkMGUxZDIifQ%3D%3D\" data-elementor-lightbox-video=\"https:\/\/www.youtube.com\/embed\/nMb_FvWFnQA?feature=oembed&amp;autoplay=1&amp;rel=0&amp;controls=0\">\t\t<div class=\"elementor-carousel-image\" role=\"img\" aria-label=\"Capture d\u2019e\u0301cran 2024-03-04 a\u0300 16.07.09\" style=\"background-image: url(&#039;https:\/\/pimentcabri.re\/wp-content\/uploads\/2024\/03\/Capture-decran-2024-03-04-a-16.07.09.png&#039;)\">\n\n\t\t\t\n\t\t\t\t\t\t\t<div class=\"elementor-custom-embed-play\">\n\t\t\t\t\t<i aria-hidden=\"true\" class=\"eicon-play\"><\/i>\t\t\t\t\t<span class=\"elementor-screen-only\">Lire<\/span>\n\t\t\t\t<\/div>\n\t\t\t\t\t<\/div>\n\t\t<\/a>\t\t\t\t\t\t<\/div>\n\t\t\t\t\t\t\t\t\t\t\t<div class=\"swiper-slide\">\n\t\t\t\t\t\t\t<a href=\"https:\/\/pimentcabri.re\/wp-content\/uploads\/2024\/03\/Capture-decran-2024-03-04-a-16.04.18.png\" data-elementor-open-lightbox=\"yes\" data-elementor-lightbox-slideshow=\"dd0e1d2\" data-elementor-lightbox-title=\"Capture d\u2019e\u0301cran 2024-03-04 a\u0300 16.04.18\" data-e-action-hash=\"#elementor-action%3Aaction%3Dlightbox%26settings%3DeyJpZCI6MTExNywidXJsIjoiaHR0cHM6XC9cL3BpbWVudGNhYnJpLnJlXC93cC1jb250ZW50XC91cGxvYWRzXC8yMDI0XC8wM1wvQ2FwdHVyZS1kZWNyYW4tMjAyNC0wMy0wNC1hLTE2LjA0LjE4LnBuZyIsInNsaWRlc2hvdyI6ImRkMGUxZDIifQ%3D%3D\" data-elementor-lightbox-video=\"https:\/\/www.youtube.com\/embed\/mc8QjCgy2Tc?feature=oembed&amp;autoplay=1&amp;rel=0&amp;controls=0\">\t\t<div class=\"elementor-carousel-image\" role=\"img\" aria-label=\"Capture d\u2019e\u0301cran 2024-03-04 a\u0300 16.04.18\" style=\"background-image: url(&#039;https:\/\/pimentcabri.re\/wp-content\/uploads\/2024\/03\/Capture-decran-2024-03-04-a-16.04.18.png&#039;)\">\n\n\t\t\t\n\t\t\t\t\t\t\t<div class=\"elementor-custom-embed-play\">\n\t\t\t\t\t<i aria-hidden=\"true\" class=\"eicon-play\"><\/i>\t\t\t\t\t<span class=\"elementor-screen-only\">Lire<\/span>\n\t\t\t\t<\/div>\n\t\t\t\t\t<\/div>\n\t\t<\/a>\t\t\t\t\t\t<\/div>\n\t\t\t\t\t\t\t\t\t\t\t<div class=\"swiper-slide\">\n\t\t\t\t\t\t\t<a href=\"https:\/\/pimentcabri.re\/wp-content\/uploads\/2024\/03\/Capture-decran-2024-03-04-a-16.06.13.png\" data-elementor-open-lightbox=\"yes\" data-elementor-lightbox-slideshow=\"dd0e1d2\" data-elementor-lightbox-title=\"Capture d\u2019e\u0301cran 2024-03-04 a\u0300 16.06.13\" data-e-action-hash=\"#elementor-action%3Aaction%3Dlightbox%26settings%3DeyJpZCI6MTExOSwidXJsIjoiaHR0cHM6XC9cL3BpbWVudGNhYnJpLnJlXC93cC1jb250ZW50XC91cGxvYWRzXC8yMDI0XC8wM1wvQ2FwdHVyZS1kZWNyYW4tMjAyNC0wMy0wNC1hLTE2LjA2LjEzLnBuZyIsInNsaWRlc2hvdyI6ImRkMGUxZDIifQ%3D%3D\" data-elementor-lightbox-video=\"https:\/\/www.youtube.com\/embed\/AdiPCi5SIbY?feature=oembed&amp;autoplay=1&amp;rel=0&amp;controls=0\">\t\t<div class=\"elementor-carousel-image\" role=\"img\" aria-label=\"Capture d\u2019e\u0301cran 2024-03-04 a\u0300 16.06.13\" style=\"background-image: url(&#039;https:\/\/pimentcabri.re\/wp-content\/uploads\/2024\/03\/Capture-decran-2024-03-04-a-16.06.13.png&#039;)\">\n\n\t\t\t\n\t\t\t\t\t\t\t<div class=\"elementor-custom-embed-play\">\n\t\t\t\t\t<i aria-hidden=\"true\" class=\"eicon-play\"><\/i>\t\t\t\t\t<span class=\"elementor-screen-only\">Lire<\/span>\n\t\t\t\t<\/div>\n\t\t\t\t\t<\/div>\n\t\t<\/a>\t\t\t\t\t\t<\/div>\n\t\t\t\t\t\t\t\t\t<\/div>\n\t\t\t\t\t\t\t\t\t\t\t\t\t\t\t<div class=\"swiper-pagination\"><\/div>\n\t\t\t\t\t\t\t\t\t\t\t\t\t\t\t\t<div class=\"elementor-swiper-button elementor-swiper-button-prev\" role=\"button\" tabindex=\"0\">\n\t\t\t\t\t\t\t<i aria-hidden=\"true\" class=\"eicon-chevron-left\"><\/i>\t\t\t\t\t\t\t<span class=\"elementor-screen-only\">Pr\u00e9c\u00e9dent<\/span>\n\t\t\t\t\t\t<\/div>\n\t\t\t\t\t\t<div class=\"elementor-swiper-button elementor-swiper-button-next\" role=\"button\" tabindex=\"0\">\n\t\t\t\t\t\t\t<i aria-hidden=\"true\" class=\"eicon-chevron-right\"><\/i>\t\t\t\t\t\t\t<span class=\"elementor-screen-only\">Suivant<\/span>\n\t\t\t\t\t\t<\/div>\n\t\t\t\t\t\t\t\t\t\t\t\t<\/div>\n\t\t<\/div>\n\t\t\t\t<\/div>\n\t\t\t\t<\/div>\n\t\t\t\t\t<\/div>\n\t\t<\/div>\n\t\t\t\t\t\t\t<\/div>\n\t\t<\/section>\n\t\t\t\t\t\t\t<\/div>\n\t\t","protected":false},"excerpt":{"rendered":"<p>Partenariat 24H DE L&rsquo;INNOVATION McDonald Ils \u00e9taient plus de 300 \u00e9l\u00e8ves de coll\u00e8ges et de lyc\u00e9es r\u00e9unis les 15 et 16 novembre derniers pour tenter de remporter les 24h de l&rsquo;innovation de La R\u00e9union. Bravo aux 30 \u00e9quipes qui ont fus\u00e9 d&rsquo;incroyables r\u00e9flexions et d&rsquo;id\u00e9es innovantes durant 24 heures chrono ! Retrouvez ci-dessous toutes nos &hellip;<\/p>\n<p class=\"read-more\"> <a class=\"\" href=\"https:\/\/pimentcabri.re\/?page_id=1114\"> <span class=\"screen-reader-text\">Op\u00e9ration 24h de l&rsquo;innovation<\/span> Lire la suite\u00a0\u00bb<\/a><\/p>\n","protected":false},"author":2,"featured_media":0,"parent":0,"menu_order":0,"comment_status":"closed","ping_status":"closed","template":"","meta":{"site-sidebar-layout":"no-sidebar","site-content-layout":"page-builder","ast-global-header-display":"","ast-banner-title-visibility":"","ast-main-header-display":"","ast-hfb-above-header-display":"","ast-hfb-below-header-display":"","ast-hfb-mobile-header-display":"","site-post-title":"disabled","ast-breadcrumbs-content":"","ast-featured-img":"disabled","footer-sml-layout":"","theme-transparent-header-meta":"","adv-header-id-meta":"","stick-header-meta":"","header-above-stick-meta":"","header-main-stick-meta":"","header-below-stick-meta":"","footnotes":""},"class_list":["post-1114","page","type-page","status-publish","hentry"],"_links":{"self":[{"href":"https:\/\/pimentcabri.re\/index.php?rest_route=\/wp\/v2\/pages\/1114","targetHints":{"allow":["GET"]}}],"collection":[{"href":"https:\/\/pimentcabri.re\/index.php?rest_route=\/wp\/v2\/pages"}],"about":[{"href":"https:\/\/pimentcabri.re\/index.php?rest_route=\/wp\/v2\/types\/page"}],"author":[{"embeddable":true,"href":"https:\/\/pimentcabri.re\/index.php?rest_route=\/wp\/v2\/users\/2"}],"replies":[{"embeddable":true,"href":"https:\/\/pimentcabri.re\/index.php?rest_route=%2Fwp%2Fv2%2Fcomments&post=1114"}],"version-history":[{"count":5,"href":"https:\/\/pimentcabri.re\/index.php?rest_route=\/wp\/v2\/pages\/1114\/revisions"}],"predecessor-version":[{"id":1136,"href":"https:\/\/pimentcabri.re\/index.php?rest_route=\/wp\/v2\/pages\/1114\/revisions\/1136"}],"wp:attachment":[{"href":"https:\/\/pimentcabri.re\/index.php?rest_route=%2Fwp%2Fv2%2Fmedia&parent=1114"}],"curies":[{"name":"wp","href":"https:\/\/api.w.org\/{rel}","templated":true}]}}