{"id":382,"date":"2023-05-09T14:21:49","date_gmt":"2023-05-09T12:21:49","guid":{"rendered":"https:\/\/pimentcabri.re\/?page_id=382"},"modified":"2023-05-10T12:29:43","modified_gmt":"2023-05-10T10:29:43","slug":"la-cheezy-francky-vincent","status":"publish","type":"page","link":"https:\/\/pimentcabri.re\/?page_id=382","title":{"rendered":"La Cheezy Francky Vincent"},"content":{"rendered":"\t\t<div data-elementor-type=\"wp-page\" data-elementor-id=\"382\" class=\"elementor elementor-382\">\n\t\t\t\t\t\t\t\t\t<section class=\"elementor-section elementor-top-section elementor-element elementor-element-f2dc4e9 elementor-section-full_width elementor-section-height-default elementor-section-height-default\" data-id=\"f2dc4e9\" data-element_type=\"section\">\n\t\t\t\t\t\t<div class=\"elementor-container elementor-column-gap-default\">\n\t\t\t\t\t<div class=\"elementor-column elementor-col-100 elementor-top-column elementor-element elementor-element-345b271\" data-id=\"345b271\" data-element_type=\"column\">\n\t\t\t<div class=\"elementor-widget-wrap elementor-element-populated\">\n\t\t\t\t\t\t\t\t<div class=\"elementor-element elementor-element-e3d9741 elementor-widget elementor-widget-image\" data-id=\"e3d9741\" data-element_type=\"widget\" data-widget_type=\"image.default\">\n\t\t\t\t<div class=\"elementor-widget-container\">\n\t\t\t<style>\/*! elementor - v3.13.2 - 11-05-2023 *\/\n.elementor-widget-image{text-align:center}.elementor-widget-image a{display:inline-block}.elementor-widget-image a img[src$=\".svg\"]{width:48px}.elementor-widget-image img{vertical-align:middle;display:inline-block}<\/style>\t\t\t\t\t\t\t\t\t\t\t\t<img loading=\"lazy\" decoding=\"async\" width=\"1536\" height=\"698\" src=\"https:\/\/pimentcabri.re\/wp-content\/uploads\/2023\/05\/Capture-decran-2023-05-09-161234-1536x698.png\" class=\"attachment-1536x1536 size-1536x1536 wp-image-385\" alt=\"\" srcset=\"https:\/\/pimentcabri.re\/wp-content\/uploads\/2023\/05\/Capture-decran-2023-05-09-161234-1536x698.png 1536w, https:\/\/pimentcabri.re\/wp-content\/uploads\/2023\/05\/Capture-decran-2023-05-09-161234-300x136.png 300w, https:\/\/pimentcabri.re\/wp-content\/uploads\/2023\/05\/Capture-decran-2023-05-09-161234-1024x465.png 1024w, https:\/\/pimentcabri.re\/wp-content\/uploads\/2023\/05\/Capture-decran-2023-05-09-161234-768x349.png 768w, https:\/\/pimentcabri.re\/wp-content\/uploads\/2023\/05\/Capture-decran-2023-05-09-161234.png 1909w\" sizes=\"auto, (max-width: 1536px) 100vw, 1536px\" \/>\t\t\t\t\t\t\t\t\t\t\t\t\t\t\t<\/div>\n\t\t\t\t<\/div>\n\t\t\t\t\t<\/div>\n\t\t<\/div>\n\t\t\t\t\t\t\t<\/div>\n\t\t<\/section>\n\t\t\t\t<section class=\"elementor-section elementor-top-section elementor-element elementor-element-8e65598 elementor-section-boxed elementor-section-height-default elementor-section-height-default\" data-id=\"8e65598\" data-element_type=\"section\">\n\t\t\t\t\t\t<div class=\"elementor-container elementor-column-gap-default\">\n\t\t\t\t\t<div class=\"elementor-column elementor-col-100 elementor-top-column elementor-element elementor-element-197d2bd\" data-id=\"197d2bd\" data-element_type=\"column\">\n\t\t\t<div class=\"elementor-widget-wrap elementor-element-populated\">\n\t\t\t\t\t\t\t\t<div class=\"elementor-element elementor-element-1cc5492 elementor-widget elementor-widget-text-editor\" data-id=\"1cc5492\" data-element_type=\"widget\" data-widget_type=\"text-editor.default\">\n\t\t\t\t<div class=\"elementor-widget-container\">\n\t\t\t<style>\/*! elementor - v3.13.2 - 11-05-2023 *\/\n.elementor-widget-text-editor.elementor-drop-cap-view-stacked .elementor-drop-cap{background-color:#69727d;color:#fff}.elementor-widget-text-editor.elementor-drop-cap-view-framed .elementor-drop-cap{color:#69727d;border:3px solid;background-color:transparent}.elementor-widget-text-editor:not(.elementor-drop-cap-view-default) .elementor-drop-cap{margin-top:8px}.elementor-widget-text-editor:not(.elementor-drop-cap-view-default) .elementor-drop-cap-letter{width:1em;height:1em}.elementor-widget-text-editor .elementor-drop-cap{float:left;text-align:center;line-height:1;font-size:50px}.elementor-widget-text-editor .elementor-drop-cap-letter{display:inline-block}<\/style>\t\t\t\t<p>\u00a0Le grand <span class=\"yt-core-attributed-string--link-inherit-color\"><a class=\"yt-core-attributed-string__link yt-core-attributed-string__link--display-type yt-core-attributed-string__link--call-to-action-color\" tabindex=\"0\" href=\"https:\/\/www.youtube.com\/channel\/UC1xlj0Z4kvT9_egFgxCa45Q\" target=\"\" rel=\"nofollow\">@franckyvincentofficiel<\/a><\/span> nous a r\u00e9gal\u00e9 il y a quelques jours au Choka Bleu !! Quelle soir\u00e9e piment\u00e9e et vitamin\u00e9e que nous a offert La Cheezy Events ! Merci une nouvelle fois \u00e0 tous nos pwak\u00e9s d\u2019avoir r\u00e9pondus \u00e0 nos questions saveurs fruits de la passion et oui, oui, oui on dit merci La Cheezy !! \ud83c\udf36 <span class=\"yt-core-attributed-string--link-inherit-color\"><a class=\"yt-core-attributed-string__link yt-core-attributed-string__link--display-type yt-core-attributed-string__link--call-to-action-color\" tabindex=\"0\" href=\"https:\/\/www.youtube.com\/channel\/UC746nlFCxq0aGdUquFa_RAg\" target=\"\" rel=\"nofollow\">@PimentCabri<\/a><\/span> x La Cheezy \ud83d\udd25 La Cheezy pwak\u00e9e !<\/p>\t\t\t\t\t\t<\/div>\n\t\t\t\t<\/div>\n\t\t\t\t<div class=\"elementor-element elementor-element-6b09b7e elementor-align-center elementor-invisible elementor-widget elementor-widget-button\" data-id=\"6b09b7e\" data-element_type=\"widget\" data-settings=\"{&quot;_animation&quot;:&quot;rubberBand&quot;}\" data-widget_type=\"button.default\">\n\t\t\t\t<div class=\"elementor-widget-container\">\n\t\t\t\t\t<div class=\"elementor-button-wrapper\">\n\t\t\t<a href=\"https:\/\/www.youtube.com\/watch?v=-T5NwmcYu44\" class=\"elementor-button-link elementor-button elementor-size-sm\" role=\"button\">\n\t\t\t\t\t\t<span class=\"elementor-button-content-wrapper\">\n\t\t\t\t\t\t<span class=\"elementor-button-text\">voir la vid\u00e9o<\/span>\n\t\t<\/span>\n\t\t\t\t\t<\/a>\n\t\t<\/div>\n\t\t\t\t<\/div>\n\t\t\t\t<\/div>\n\t\t\t\t\t<\/div>\n\t\t<\/div>\n\t\t\t\t\t\t\t<\/div>\n\t\t<\/section>\n\t\t\t\t\t\t\t<\/div>\n\t\t","protected":false},"excerpt":{"rendered":"<p>\u00a0Le grand @franckyvincentofficiel nous a r\u00e9gal\u00e9 il y a quelques jours au Choka Bleu !! Quelle soir\u00e9e piment\u00e9e et vitamin\u00e9e que nous a offert La Cheezy Events ! Merci une nouvelle fois \u00e0 tous nos pwak\u00e9s d\u2019avoir r\u00e9pondus \u00e0 nos questions saveurs fruits de la passion et oui, oui, oui on dit merci La Cheezy &hellip;<\/p>\n<p class=\"read-more\"> <a class=\"\" href=\"https:\/\/pimentcabri.re\/?page_id=382\"> <span class=\"screen-reader-text\">La Cheezy Francky Vincent<\/span> Lire la suite\u00a0\u00bb<\/a><\/p>\n","protected":false},"author":2,"featured_media":0,"parent":0,"menu_order":0,"comment_status":"closed","ping_status":"closed","template":"","meta":{"site-sidebar-layout":"no-sidebar","site-content-layout":"page-builder","ast-global-header-display":"","ast-banner-title-visibility":"","ast-main-header-display":"","ast-hfb-above-header-display":"","ast-hfb-below-header-display":"","ast-hfb-mobile-header-display":"","site-post-title":"disabled","ast-breadcrumbs-content":"","ast-featured-img":"disabled","footer-sml-layout":"","theme-transparent-header-meta":"","adv-header-id-meta":"","stick-header-meta":"","header-above-stick-meta":"","header-main-stick-meta":"","header-below-stick-meta":"","footnotes":""},"class_list":["post-382","page","type-page","status-publish","hentry"],"_links":{"self":[{"href":"https:\/\/pimentcabri.re\/index.php?rest_route=\/wp\/v2\/pages\/382","targetHints":{"allow":["GET"]}}],"collection":[{"href":"https:\/\/pimentcabri.re\/index.php?rest_route=\/wp\/v2\/pages"}],"about":[{"href":"https:\/\/pimentcabri.re\/index.php?rest_route=\/wp\/v2\/types\/page"}],"author":[{"embeddable":true,"href":"https:\/\/pimentcabri.re\/index.php?rest_route=\/wp\/v2\/users\/2"}],"replies":[{"embeddable":true,"href":"https:\/\/pimentcabri.re\/index.php?rest_route=%2Fwp%2Fv2%2Fcomments&post=382"}],"version-history":[{"count":13,"href":"https:\/\/pimentcabri.re\/index.php?rest_route=\/wp\/v2\/pages\/382\/revisions"}],"predecessor-version":[{"id":471,"href":"https:\/\/pimentcabri.re\/index.php?rest_route=\/wp\/v2\/pages\/382\/revisions\/471"}],"wp:attachment":[{"href":"https:\/\/pimentcabri.re\/index.php?rest_route=%2Fwp%2Fv2%2Fmedia&parent=382"}],"curies":[{"name":"wp","href":"https:\/\/api.w.org\/{rel}","templated":true}]}}