{"id":421,"date":"2023-05-10T07:31:03","date_gmt":"2023-05-10T05:31:03","guid":{"rendered":"https:\/\/pimentcabri.re\/?page_id=421"},"modified":"2023-05-10T12:31:16","modified_gmt":"2023-05-10T10:31:16","slug":"kartel-pwak-tayc-2","status":"publish","type":"page","link":"https:\/\/pimentcabri.re\/?page_id=421","title":{"rendered":"Kartel Pwak Tayc"},"content":{"rendered":"\t\t<div data-elementor-type=\"wp-page\" data-elementor-id=\"421\" class=\"elementor elementor-421\">\n\t\t\t\t\t\t\t\t\t<section class=\"elementor-section elementor-top-section elementor-element elementor-element-9b075ac elementor-section-full_width elementor-section-height-default elementor-section-height-default\" data-id=\"9b075ac\" data-element_type=\"section\">\n\t\t\t\t\t\t<div class=\"elementor-container elementor-column-gap-default\">\n\t\t\t\t\t<div class=\"elementor-column elementor-col-100 elementor-top-column elementor-element elementor-element-c6238ef\" data-id=\"c6238ef\" data-element_type=\"column\">\n\t\t\t<div class=\"elementor-widget-wrap elementor-element-populated\">\n\t\t\t\t\t\t\t\t<div class=\"elementor-element elementor-element-0642c72 elementor-widget elementor-widget-image\" data-id=\"0642c72\" data-element_type=\"widget\" data-widget_type=\"image.default\">\n\t\t\t\t<div class=\"elementor-widget-container\">\n\t\t\t<style>\/*! elementor - v3.13.2 - 11-05-2023 *\/\n.elementor-widget-image{text-align:center}.elementor-widget-image a{display:inline-block}.elementor-widget-image a img[src$=\".svg\"]{width:48px}.elementor-widget-image img{vertical-align:middle;display:inline-block}<\/style>\t\t\t\t\t\t\t\t\t\t\t\t<img loading=\"lazy\" decoding=\"async\" width=\"1536\" height=\"772\" src=\"https:\/\/pimentcabri.re\/wp-content\/uploads\/2023\/05\/Capture-decran-2023-05-10-092833-1536x772.png\" class=\"attachment-1536x1536 size-1536x1536 wp-image-423\" alt=\"\" srcset=\"https:\/\/pimentcabri.re\/wp-content\/uploads\/2023\/05\/Capture-decran-2023-05-10-092833-1536x772.png 1536w, https:\/\/pimentcabri.re\/wp-content\/uploads\/2023\/05\/Capture-decran-2023-05-10-092833-300x151.png 300w, https:\/\/pimentcabri.re\/wp-content\/uploads\/2023\/05\/Capture-decran-2023-05-10-092833-1024x515.png 1024w, https:\/\/pimentcabri.re\/wp-content\/uploads\/2023\/05\/Capture-decran-2023-05-10-092833-768x386.png 768w, https:\/\/pimentcabri.re\/wp-content\/uploads\/2023\/05\/Capture-decran-2023-05-10-092833.png 1894w\" sizes=\"auto, (max-width: 1536px) 100vw, 1536px\" \/>\t\t\t\t\t\t\t\t\t\t\t\t\t\t\t<\/div>\n\t\t\t\t<\/div>\n\t\t\t\t\t<\/div>\n\t\t<\/div>\n\t\t\t\t\t\t\t<\/div>\n\t\t<\/section>\n\t\t\t\t<section class=\"elementor-section elementor-top-section elementor-element elementor-element-0a3b046 elementor-section-boxed elementor-section-height-default elementor-section-height-default\" data-id=\"0a3b046\" data-element_type=\"section\">\n\t\t\t\t\t\t<div class=\"elementor-container elementor-column-gap-default\">\n\t\t\t\t\t<div class=\"elementor-column elementor-col-100 elementor-top-column elementor-element elementor-element-9c3cccf\" data-id=\"9c3cccf\" data-element_type=\"column\">\n\t\t\t<div class=\"elementor-widget-wrap elementor-element-populated\">\n\t\t\t\t\t\t\t\t<div class=\"elementor-element elementor-element-13ac53b elementor-widget elementor-widget-text-editor\" data-id=\"13ac53b\" data-element_type=\"widget\" data-widget_type=\"text-editor.default\">\n\t\t\t\t<div class=\"elementor-widget-container\">\n\t\t\t<style>\/*! elementor - v3.13.2 - 11-05-2023 *\/\n.elementor-widget-text-editor.elementor-drop-cap-view-stacked .elementor-drop-cap{background-color:#69727d;color:#fff}.elementor-widget-text-editor.elementor-drop-cap-view-framed .elementor-drop-cap{color:#69727d;border:3px solid;background-color:transparent}.elementor-widget-text-editor:not(.elementor-drop-cap-view-default) .elementor-drop-cap{margin-top:8px}.elementor-widget-text-editor:not(.elementor-drop-cap-view-default) .elementor-drop-cap-letter{width:1em;height:1em}.elementor-widget-text-editor .elementor-drop-cap{float:left;text-align:center;line-height:1;font-size:50px}.elementor-widget-text-editor .elementor-drop-cap-letter{display:inline-block}<\/style>\t\t\t\t<p>\ud83d\udca5 KARTEL URBAN PWAK \ud83d\udca5<\/p><p>\u00a0Le 11 mars dernier vous \u00e9tiez nombreux \u00e0 affronter la pluie pour venir retourner le Kartel Urban Live IV ! L\u2019occasion pour <span class=\"yt-core-attributed-string--link-inherit-color\"><a class=\"yt-core-attributed-string__link yt-core-attributed-string__link--display-type yt-core-attributed-string__link--call-to-action-color\" tabindex=\"0\" href=\"https:\/\/www.youtube.com\/channel\/UCAaAgNfUWCQNb44_H9t4PzA\" target=\"\" rel=\"nofollow\">@tmatt440<\/a><\/span>, <span class=\"yt-core-attributed-string--link-inherit-color\"><a class=\"yt-core-attributed-string__link yt-core-attributed-string__link--display-type yt-core-attributed-string__link--call-to-action-color\" tabindex=\"0\" href=\"https:\/\/www.youtube.com\/channel\/UCtwYOeH-hoJ55jgENyeDX8A\" target=\"\" rel=\"nofollow\">@leachurros560<\/a><\/span>, Toulou et Barth de <span class=\"yt-core-attributed-string--link-inherit-color\"><a class=\"yt-core-attributed-string__link yt-core-attributed-string__link--display-type yt-core-attributed-string__link--call-to-action-color\" tabindex=\"0\" href=\"https:\/\/www.youtube.com\/channel\/UCqObIyyuGb2AUAEu3Qi_4Zg\" target=\"\" rel=\"nofollow\">@studiovolcan<\/a><\/span> de venir r\u00e9chauffer la sc\u00e8ne avant le show de <span class=\"yt-core-attributed-string--link-inherit-color\"><a class=\"yt-core-attributed-string__link yt-core-attributed-string__link--display-type yt-core-attributed-string__link--call-to-action-color\" tabindex=\"0\" href=\"https:\/\/www.youtube.com\/channel\/UCsIri75NOR8eQs8DhmAmyUw\" target=\"\" rel=\"nofollow\">@Tayc<\/a><\/span> ! Merci \u00e0 tous nos Pwak\u00e9s de nous avoir une nouvelle fois r\u00e9serv\u00e9 un accueil piment\u00e9 !<\/p>\t\t\t\t\t\t<\/div>\n\t\t\t\t<\/div>\n\t\t\t\t<div class=\"elementor-element elementor-element-ee4cc15 elementor-align-center elementor-invisible elementor-widget elementor-widget-button\" data-id=\"ee4cc15\" data-element_type=\"widget\" data-settings=\"{&quot;_animation&quot;:&quot;rubberBand&quot;}\" data-widget_type=\"button.default\">\n\t\t\t\t<div class=\"elementor-widget-container\">\n\t\t\t\t\t<div class=\"elementor-button-wrapper\">\n\t\t\t<a href=\"https:\/\/www.youtube.com\/watch?v=4JYcx8t7a2Q\" class=\"elementor-button-link elementor-button elementor-size-sm\" role=\"button\">\n\t\t\t\t\t\t<span class=\"elementor-button-content-wrapper\">\n\t\t\t\t\t\t<span class=\"elementor-button-text\">voir la vid\u00e9o<\/span>\n\t\t<\/span>\n\t\t\t\t\t<\/a>\n\t\t<\/div>\n\t\t\t\t<\/div>\n\t\t\t\t<\/div>\n\t\t\t\t\t<\/div>\n\t\t<\/div>\n\t\t\t\t\t\t\t<\/div>\n\t\t<\/section>\n\t\t\t\t\t\t\t<\/div>\n\t\t","protected":false},"excerpt":{"rendered":"<p>\ud83d\udca5 KARTEL URBAN PWAK \ud83d\udca5 \u00a0Le 11 mars dernier vous \u00e9tiez nombreux \u00e0 affronter la pluie pour venir retourner le Kartel Urban Live IV ! L\u2019occasion pour @tmatt440, @leachurros560, Toulou et Barth de @studiovolcan de venir r\u00e9chauffer la sc\u00e8ne avant le show de @Tayc ! Merci \u00e0 tous nos Pwak\u00e9s de nous avoir une nouvelle &hellip;<\/p>\n<p class=\"read-more\"> <a class=\"\" href=\"https:\/\/pimentcabri.re\/?page_id=421\"> <span class=\"screen-reader-text\">Kartel Pwak Tayc<\/span> Lire la suite\u00a0\u00bb<\/a><\/p>\n","protected":false},"author":2,"featured_media":0,"parent":0,"menu_order":0,"comment_status":"closed","ping_status":"closed","template":"","meta":{"site-sidebar-layout":"no-sidebar","site-content-layout":"page-builder","ast-global-header-display":"","ast-banner-title-visibility":"","ast-main-header-display":"","ast-hfb-above-header-display":"","ast-hfb-below-header-display":"","ast-hfb-mobile-header-display":"","site-post-title":"disabled","ast-breadcrumbs-content":"","ast-featured-img":"disabled","footer-sml-layout":"","theme-transparent-header-meta":"","adv-header-id-meta":"","stick-header-meta":"","header-above-stick-meta":"","header-main-stick-meta":"","header-below-stick-meta":"","footnotes":""},"class_list":["post-421","page","type-page","status-publish","hentry"],"_links":{"self":[{"href":"https:\/\/pimentcabri.re\/index.php?rest_route=\/wp\/v2\/pages\/421","targetHints":{"allow":["GET"]}}],"collection":[{"href":"https:\/\/pimentcabri.re\/index.php?rest_route=\/wp\/v2\/pages"}],"about":[{"href":"https:\/\/pimentcabri.re\/index.php?rest_route=\/wp\/v2\/types\/page"}],"author":[{"embeddable":true,"href":"https:\/\/pimentcabri.re\/index.php?rest_route=\/wp\/v2\/users\/2"}],"replies":[{"embeddable":true,"href":"https:\/\/pimentcabri.re\/index.php?rest_route=%2Fwp%2Fv2%2Fcomments&post=421"}],"version-history":[{"count":7,"href":"https:\/\/pimentcabri.re\/index.php?rest_route=\/wp\/v2\/pages\/421\/revisions"}],"predecessor-version":[{"id":477,"href":"https:\/\/pimentcabri.re\/index.php?rest_route=\/wp\/v2\/pages\/421\/revisions\/477"}],"wp:attachment":[{"href":"https:\/\/pimentcabri.re\/index.php?rest_route=%2Fwp%2Fv2%2Fmedia&parent=421"}],"curies":[{"name":"wp","href":"https:\/\/api.w.org\/{rel}","templated":true}]}}