{"id":430,"date":"2023-05-10T08:14:16","date_gmt":"2023-05-10T06:14:16","guid":{"rendered":"https:\/\/pimentcabri.re\/?page_id=430"},"modified":"2023-05-17T14:56:58","modified_gmt":"2023-05-17T12:56:58","slug":"reunion-sonore","status":"publish","type":"page","link":"https:\/\/pimentcabri.re\/?page_id=430","title":{"rendered":"R\u00e9union sonore"},"content":{"rendered":"\t\t<div data-elementor-type=\"wp-page\" data-elementor-id=\"430\" class=\"elementor elementor-430\">\n\t\t\t\t\t\t\t\t\t<section class=\"elementor-section elementor-top-section elementor-element elementor-element-5cc0981 elementor-section-boxed elementor-section-height-default elementor-section-height-default\" data-id=\"5cc0981\" data-element_type=\"section\">\n\t\t\t\t\t\t<div class=\"elementor-container elementor-column-gap-default\">\n\t\t\t\t\t<div class=\"elementor-column elementor-col-100 elementor-top-column elementor-element elementor-element-a6f5de6\" data-id=\"a6f5de6\" data-element_type=\"column\">\n\t\t\t<div class=\"elementor-widget-wrap elementor-element-populated\">\n\t\t\t\t\t\t\t\t<div class=\"elementor-element elementor-element-b95ec3a elementor-widget elementor-widget-image\" data-id=\"b95ec3a\" data-element_type=\"widget\" data-widget_type=\"image.default\">\n\t\t\t\t<div class=\"elementor-widget-container\">\n\t\t\t<style>\/*! elementor - v3.13.2 - 11-05-2023 *\/\n.elementor-widget-image{text-align:center}.elementor-widget-image a{display:inline-block}.elementor-widget-image a img[src$=\".svg\"]{width:48px}.elementor-widget-image img{vertical-align:middle;display:inline-block}<\/style>\t\t\t\t\t\t\t\t\t\t\t\t<img loading=\"lazy\" decoding=\"async\" width=\"1900\" height=\"965\" src=\"https:\/\/pimentcabri.re\/wp-content\/uploads\/2023\/05\/Capture-decran-2023-05-10-101036.png\" class=\"attachment-2048x2048 size-2048x2048 wp-image-433\" alt=\"\" srcset=\"https:\/\/pimentcabri.re\/wp-content\/uploads\/2023\/05\/Capture-decran-2023-05-10-101036.png 1900w, https:\/\/pimentcabri.re\/wp-content\/uploads\/2023\/05\/Capture-decran-2023-05-10-101036-300x152.png 300w, https:\/\/pimentcabri.re\/wp-content\/uploads\/2023\/05\/Capture-decran-2023-05-10-101036-1024x520.png 1024w, https:\/\/pimentcabri.re\/wp-content\/uploads\/2023\/05\/Capture-decran-2023-05-10-101036-768x390.png 768w, https:\/\/pimentcabri.re\/wp-content\/uploads\/2023\/05\/Capture-decran-2023-05-10-101036-1536x780.png 1536w\" sizes=\"auto, (max-width: 1900px) 100vw, 1900px\" \/>\t\t\t\t\t\t\t\t\t\t\t\t\t\t\t<\/div>\n\t\t\t\t<\/div>\n\t\t\t\t\t<\/div>\n\t\t<\/div>\n\t\t\t\t\t\t\t<\/div>\n\t\t<\/section>\n\t\t\t\t<section class=\"elementor-section elementor-top-section elementor-element elementor-element-491729e elementor-section-boxed elementor-section-height-default elementor-section-height-default\" data-id=\"491729e\" data-element_type=\"section\">\n\t\t\t\t\t\t<div class=\"elementor-container elementor-column-gap-default\">\n\t\t\t\t\t<div class=\"elementor-column elementor-col-100 elementor-top-column elementor-element elementor-element-8705a75\" data-id=\"8705a75\" data-element_type=\"column\">\n\t\t\t<div class=\"elementor-widget-wrap elementor-element-populated\">\n\t\t\t\t\t\t\t\t<div class=\"elementor-element elementor-element-1d4620a elementor-widget elementor-widget-text-editor\" data-id=\"1d4620a\" data-element_type=\"widget\" data-widget_type=\"text-editor.default\">\n\t\t\t\t<div class=\"elementor-widget-container\">\n\t\t\t<style>\/*! elementor - v3.13.2 - 11-05-2023 *\/\n.elementor-widget-text-editor.elementor-drop-cap-view-stacked .elementor-drop-cap{background-color:#69727d;color:#fff}.elementor-widget-text-editor.elementor-drop-cap-view-framed .elementor-drop-cap{color:#69727d;border:3px solid;background-color:transparent}.elementor-widget-text-editor:not(.elementor-drop-cap-view-default) .elementor-drop-cap{margin-top:8px}.elementor-widget-text-editor:not(.elementor-drop-cap-view-default) .elementor-drop-cap-letter{width:1em;height:1em}.elementor-widget-text-editor .elementor-drop-cap{float:left;text-align:center;line-height:1;font-size:50px}.elementor-widget-text-editor .elementor-drop-cap-letter{display:inline-block}<\/style>\t\t\t\t<div id=\"info-container\" class=\"style-scope ytd-watch-metadata\"><a class=\"yt-simple-endpoint style-scope yt-formatted-string bold\" dir=\"auto\" spellcheck=\"false\" href=\"https:\/\/www.youtube.com\/results?search_query=Concert+la+ravine+saint+leu&amp;sp=EiG4AQHCARtDaElKeDdRTEh0T1hnaUVSeDBLcXBQRnVhZEE%253D\">CONCERT LA RAVINE SAINT LEU<\/a><\/div>\n<p><span class=\"yt-core-attributed-string yt-core-attributed-string--white-space-pre-wrap\">Vous l&rsquo;attendiez depuis le weekend dernier &#8230; les interviews du premier soir du festival R\u00e9union Sonore sont dispos !! On a ador\u00e9 partager ce weekend piment\u00e9 avec Pwaky ! Vous \u00eates des vrais pwak\u00e9s, merci \u00e0 tous ! On vous reverra l&rsquo;ann\u00e9e prochaine !? &#8212;<span class=\"yt-core-attributed-string--link-inherit-color\"><a class=\"yt-core-attributed-string__link yt-core-attributed-string__link--display-type yt-core-attributed-string__link--call-to-action-color\" tabindex=\"0\" href=\"https:\/\/www.youtube.com\/channel\/UCQ5yNC2La7EnpZqKPUmWJ5Q\" target=\"\" rel=\"nofollow\">@stereovisionslivemusic7896<\/a><\/span> x <span class=\"yt-core-attributed-string--link-inherit-color\"><a class=\"yt-core-attributed-string__link yt-core-attributed-string__link--display-type yt-core-attributed-string__link--call-to-action-color\" tabindex=\"0\" href=\"https:\/\/www.youtube.com\/channel\/UCNFYQ_BswPI_nxaZsceLmNQ\" target=\"\" rel=\"nofollow\">@SamWayland<\/a><\/span> x Terry Laird x Kollektiv Zusammen x Nyna Curtis x Kisling x Gessica Pitou x <span class=\"yt-core-attributed-string--link-inherit-color\"><a class=\"yt-core-attributed-string__link yt-core-attributed-string__link--display-type yt-core-attributed-string__link--call-to-action-color\" tabindex=\"0\" href=\"https:\/\/www.youtube.com\/channel\/UCUq65pEaiy2cMX8ovNYU-EQ\" target=\"\" rel=\"nofollow\">@fischerreunion2648<\/a><\/span> x Peugeot R\u00e9union x Monster Weed<\/span><\/p>\t\t\t\t\t\t<\/div>\n\t\t\t\t<\/div>\n\t\t\t\t<div class=\"elementor-element elementor-element-703448e elementor-align-center elementor-invisible elementor-widget elementor-widget-button\" data-id=\"703448e\" data-element_type=\"widget\" data-settings=\"{&quot;_animation&quot;:&quot;rubberBand&quot;}\" data-widget_type=\"button.default\">\n\t\t\t\t<div class=\"elementor-widget-container\">\n\t\t\t\t\t<div class=\"elementor-button-wrapper\">\n\t\t\t<a href=\"https:\/\/www.youtube.com\/watch?v=FROHyNrQ9dU\" class=\"elementor-button-link elementor-button elementor-size-sm\" role=\"button\">\n\t\t\t\t\t\t<span class=\"elementor-button-content-wrapper\">\n\t\t\t\t\t\t<span class=\"elementor-button-text\">voir la vid\u00e9o<\/span>\n\t\t<\/span>\n\t\t\t\t\t<\/a>\n\t\t<\/div>\n\t\t\t\t<\/div>\n\t\t\t\t<\/div>\n\t\t\t\t\t<\/div>\n\t\t<\/div>\n\t\t\t\t\t\t\t<\/div>\n\t\t<\/section>\n\t\t\t\t<section class=\"elementor-section elementor-top-section elementor-element elementor-element-f5662d5 elementor-section-boxed elementor-section-height-default elementor-section-height-default\" data-id=\"f5662d5\" data-element_type=\"section\">\n\t\t\t\t\t\t<div class=\"elementor-container elementor-column-gap-default\">\n\t\t\t\t\t<div class=\"elementor-column elementor-col-100 elementor-top-column elementor-element elementor-element-cbef77e\" data-id=\"cbef77e\" data-element_type=\"column\">\n\t\t\t<div class=\"elementor-widget-wrap elementor-element-populated\">\n\t\t\t\t\t\t\t\t\t<\/div>\n\t\t<\/div>\n\t\t\t\t\t\t\t<\/div>\n\t\t<\/section>\n\t\t\t\t\t\t\t<\/div>\n\t\t","protected":false},"excerpt":{"rendered":"<p>CONCERT LA RAVINE SAINT LEU Vous l&rsquo;attendiez depuis le weekend dernier &#8230; les interviews du premier soir du festival R\u00e9union Sonore sont dispos !! On a ador\u00e9 partager ce weekend piment\u00e9 avec Pwaky ! Vous \u00eates des vrais pwak\u00e9s, merci \u00e0 tous ! On vous reverra l&rsquo;ann\u00e9e prochaine !? &#8212;@stereovisionslivemusic7896 x @SamWayland x Terry Laird &hellip;<\/p>\n<p class=\"read-more\"> <a class=\"\" href=\"https:\/\/pimentcabri.re\/?page_id=430\"> <span class=\"screen-reader-text\">R\u00e9union sonore<\/span> Lire la suite\u00a0\u00bb<\/a><\/p>\n","protected":false},"author":2,"featured_media":0,"parent":0,"menu_order":0,"comment_status":"closed","ping_status":"closed","template":"","meta":{"site-sidebar-layout":"no-sidebar","site-content-layout":"page-builder","ast-global-header-display":"","ast-banner-title-visibility":"","ast-main-header-display":"","ast-hfb-above-header-display":"","ast-hfb-below-header-display":"","ast-hfb-mobile-header-display":"","site-post-title":"disabled","ast-breadcrumbs-content":"","ast-featured-img":"disabled","footer-sml-layout":"","theme-transparent-header-meta":"","adv-header-id-meta":"","stick-header-meta":"","header-above-stick-meta":"","header-main-stick-meta":"","header-below-stick-meta":"","footnotes":""},"class_list":["post-430","page","type-page","status-publish","hentry"],"_links":{"self":[{"href":"https:\/\/pimentcabri.re\/index.php?rest_route=\/wp\/v2\/pages\/430","targetHints":{"allow":["GET"]}}],"collection":[{"href":"https:\/\/pimentcabri.re\/index.php?rest_route=\/wp\/v2\/pages"}],"about":[{"href":"https:\/\/pimentcabri.re\/index.php?rest_route=\/wp\/v2\/types\/page"}],"author":[{"embeddable":true,"href":"https:\/\/pimentcabri.re\/index.php?rest_route=\/wp\/v2\/users\/2"}],"replies":[{"embeddable":true,"href":"https:\/\/pimentcabri.re\/index.php?rest_route=%2Fwp%2Fv2%2Fcomments&post=430"}],"version-history":[{"count":10,"href":"https:\/\/pimentcabri.re\/index.php?rest_route=\/wp\/v2\/pages\/430\/revisions"}],"predecessor-version":[{"id":769,"href":"https:\/\/pimentcabri.re\/index.php?rest_route=\/wp\/v2\/pages\/430\/revisions\/769"}],"wp:attachment":[{"href":"https:\/\/pimentcabri.re\/index.php?rest_route=%2Fwp%2Fv2%2Fmedia&parent=430"}],"curies":[{"name":"wp","href":"https:\/\/api.w.org\/{rel}","templated":true}]}}